{"id":21,"date":"2010-08-19T21:21:09","date_gmt":"2010-08-19T21:21:09","guid":{"rendered":"http:\/\/opelgt.se\/?page_id=21"},"modified":"2022-11-10T09:22:56","modified_gmt":"2022-11-10T07:22:56","slug":"kontakt","status":"publish","type":"page","link":"https:\/\/opelgt.se\/?page_id=21","title":{"rendered":"Kontakt"},"content":{"rendered":"<h3><a href=\"http:\/\/opelgt.se\/?attachment_id=6\" rel=\"attachment wp-att-6\"><img loading=\"lazy\" decoding=\"async\" class=\"alignright size-full wp-image-6\" title=\"logga_old\" src=\"http:\/\/opelgt.se\/wp-content\/uploads\/2010\/08\/logga_old.jpg\" alt=\"Logga Club OpelGT Schweden\" width=\"189\" height=\"189\" srcset=\"https:\/\/opelgt.se\/wp-content\/uploads\/2010\/08\/logga_old.jpg 189w, https:\/\/opelgt.se\/wp-content\/uploads\/2010\/08\/logga_old-150x150.jpg 150w, https:\/\/opelgt.se\/wp-content\/uploads\/2010\/08\/logga_old-64x64.jpg 64w\" sizes=\"auto, (max-width: 189px) 100vw, 189px\" \/><\/a><span style=\"text-decoration: underline;\">Kontakt<\/span><\/h3>\n<h3>Styrelsen:<\/h3>\n<p><strong>Ordf\u00f6rande samt redakt\u00f6r:<\/strong><br \/>\nLars Kleppe<br \/>\nLosp\u00e5nga byv\u00e4g 41<br \/>\n725 92 V\u00e4ster\u00e5s<br \/>\n021-55744<br \/>\n070-2963337<br \/>\nlars@kleppe.se<\/p>\n<p style=\"text-align: justify;\"><strong>Vice ordf\u00f6rande\u00a0<\/strong><br \/>\nJan Perd\u00e9n<br \/>\n0701-859070<\/p>\n<p style=\"text-align: justify;\">jan.perden@albatross.com<\/p>\n<p><strong>Sekreterare:<\/strong><br \/>\nHelene Johansson<\/p>\n<p><strong>Kass\u00f6r samt websidan:<\/strong><br \/>\nKenth Svensson<br \/>\n0703-668377<br \/>\nblueskenth1963@gmail.com<\/p>\n<p><strong>\u00d6vriga ledam\u00f6ter:<\/strong><br \/>\nJ\u00f6rgen Karlsson<br \/>\nStephan Keier<br \/>\nJan Olof S\u00e4fvelin<\/p>\n","protected":false},"excerpt":{"rendered":"<p>Kontakt Styrelsen: Ordf\u00f6rande samt redakt\u00f6r: Lars Kleppe Losp\u00e5nga byv\u00e4g 41 725 92 V\u00e4ster\u00e5s 021-55744 070-2963337 lars@kleppe.se Vice ordf\u00f6rande\u00a0 Jan Perd\u00e9n 0701-859070 jan.perden@albatross.com Sekreterare: Helene Johansson Kass\u00f6r samt websidan: Kenth Svensson 0703-668377 blueskenth1963@gmail.com \u00d6vriga ledam\u00f6ter: J\u00f6rgen Karlsson Stephan Keier Jan Olof S\u00e4fvelin<\/p>\n","protected":false},"author":1,"featured_media":160,"parent":0,"menu_order":4,"comment_status":"open","ping_status":"open","template":"","meta":{"ngg_post_thumbnail":0,"footnotes":"","_links_to":"","_links_to_target":""},"class_list":["post-21","page","type-page","status-publish","has-post-thumbnail","hentry","count-0","even alt","author-admin","last"],"_links":{"self":[{"href":"https:\/\/opelgt.se\/index.php?rest_route=\/wp\/v2\/pages\/21","targetHints":{"allow":["GET"]}}],"collection":[{"href":"https:\/\/opelgt.se\/index.php?rest_route=\/wp\/v2\/pages"}],"about":[{"href":"https:\/\/opelgt.se\/index.php?rest_route=\/wp\/v2\/types\/page"}],"author":[{"embeddable":true,"href":"https:\/\/opelgt.se\/index.php?rest_route=\/wp\/v2\/users\/1"}],"replies":[{"embeddable":true,"href":"https:\/\/opelgt.se\/index.php?rest_route=%2Fwp%2Fv2%2Fcomments&post=21"}],"version-history":[{"count":22,"href":"https:\/\/opelgt.se\/index.php?rest_route=\/wp\/v2\/pages\/21\/revisions"}],"predecessor-version":[{"id":270,"href":"https:\/\/opelgt.se\/index.php?rest_route=\/wp\/v2\/pages\/21\/revisions\/270"}],"wp:featuredmedia":[{"embeddable":true,"href":"https:\/\/opelgt.se\/index.php?rest_route=\/wp\/v2\/media\/160"}],"wp:attachment":[{"href":"https:\/\/opelgt.se\/index.php?rest_route=%2Fwp%2Fv2%2Fmedia&parent=21"}],"curies":[{"name":"wp","href":"https:\/\/api.w.org\/{rel}","templated":true}]}}