{"id":297,"date":"2024-04-04T08:58:36","date_gmt":"2024-04-04T06:58:36","guid":{"rendered":"http:\/\/opelgt.se\/?page_id=297"},"modified":"2024-11-21T18:16:10","modified_gmt":"2024-11-21T16:16:10","slug":"traffar-och-andra-sammankomster","status":"publish","type":"page","link":"https:\/\/opelgt.se\/?page_id=297","title":{"rendered":"Tr\u00e4ffar och andra sammankomster"},"content":{"rendered":"\n<p>Det som \u00e4r p\u00e5 g\u00e5ng n\u00e4rmast i klubbens regi \u00e4r v\u00e5r \u00e5rliga tr\u00e4ff, denna g\u00e5ng i T\u00e4llberg och tiden \u00e4r augusti 2025! Hoppas att vi ses d\u00e4r!<\/p>\n\n\n\n<figure class=\"wp-block-gallery has-nested-images columns-default is-cropped wp-block-gallery-1 is-layout-flex wp-block-gallery-is-layout-flex\"><\/figure>\n","protected":false},"excerpt":{"rendered":"<p>Det som \u00e4r p\u00e5 g\u00e5ng n\u00e4rmast i klubbens regi \u00e4r v\u00e5r \u00e5rliga tr\u00e4ff, denna g\u00e5ng i T\u00e4llberg och tiden \u00e4r augusti 2025! Hoppas att vi ses d\u00e4r!<\/p>\n","protected":false},"author":2,"featured_media":0,"parent":0,"menu_order":0,"comment_status":"closed","ping_status":"closed","template":"","meta":{"ngg_post_thumbnail":0,"footnotes":"","_links_to":"","_links_to_target":""},"class_list":["post-297","page","type-page","status-publish","hentry","count-0","even alt","author-kensve","last"],"_links":{"self":[{"href":"https:\/\/opelgt.se\/index.php?rest_route=\/wp\/v2\/pages\/297","targetHints":{"allow":["GET"]}}],"collection":[{"href":"https:\/\/opelgt.se\/index.php?rest_route=\/wp\/v2\/pages"}],"about":[{"href":"https:\/\/opelgt.se\/index.php?rest_route=\/wp\/v2\/types\/page"}],"author":[{"embeddable":true,"href":"https:\/\/opelgt.se\/index.php?rest_route=\/wp\/v2\/users\/2"}],"replies":[{"embeddable":true,"href":"https:\/\/opelgt.se\/index.php?rest_route=%2Fwp%2Fv2%2Fcomments&post=297"}],"version-history":[{"count":6,"href":"https:\/\/opelgt.se\/index.php?rest_route=\/wp\/v2\/pages\/297\/revisions"}],"predecessor-version":[{"id":342,"href":"https:\/\/opelgt.se\/index.php?rest_route=\/wp\/v2\/pages\/297\/revisions\/342"}],"wp:attachment":[{"href":"https:\/\/opelgt.se\/index.php?rest_route=%2Fwp%2Fv2%2Fmedia&parent=297"}],"curies":[{"name":"wp","href":"https:\/\/api.w.org\/{rel}","templated":true}]}}